{"id":2817,"date":"2025-07-16T20:33:13","date_gmt":"2025-07-16T20:33:13","guid":{"rendered":"https:\/\/mako3d.com\/?post_type=product&#038;p=2817"},"modified":"2025-08-04T01:16:29","modified_gmt":"2025-08-04T01:16:29","slug":"minecraft-skeleton-keychain","status":"publish","type":"product","link":"https:\/\/mako3d.com\/tr\/urun\/minecraft-skeleton-keychain\/","title":{"rendered":"Minecraft \u0130skelet Anahtarl\u0131k"},"content":{"rendered":"<p data-start=\"510\" data-end=\"525\"><strong data-start=\"510\" data-end=\"523\">\u00d6zellikler:<\/strong><\/p>\n<ul data-start=\"527\" data-end=\"1043\">\n<li data-start=\"527\" data-end=\"653\">\n<p data-start=\"529\" data-end=\"653\"><strong data-start=\"529\" data-end=\"542\">Malzeme:<\/strong> \u00c7evre dostu PLA&#039;dan \u00fcretilen bu anahtarl\u0131klar hafif, sa\u011flam ve g\u00fcnl\u00fck kullan\u0131ma dayan\u0131kl\u0131 olacak \u015fekilde tasarlanm\u0131\u015ft\u0131r.<\/p>\n<\/li>\n<li data-start=\"654\" data-end=\"797\">\n<p data-start=\"656\" data-end=\"797\"><strong data-start=\"656\" data-end=\"667\">Tasar\u0131m:<\/strong> Minecraft&#039;\u0131n ikonik iskeletinden esinlenerek tasarlanan bu oyun, pikselli dokular ve hayranlar\u0131n bay\u0131laca\u011f\u0131 bloklu, oyuna sad\u0131k bir g\u00f6r\u00fcn\u00fcme sahip.<\/p>\n<\/li>\n<li data-start=\"798\" data-end=\"908\">\n<p data-start=\"800\" data-end=\"908\"><strong data-start=\"800\" data-end=\"825\">Eklemli Hareket:<\/strong> Kollar\u0131 ve bacaklar\u0131 hareket edebildi\u011finden, poz verebilece\u011finiz e\u011flenceli ve k\u0131p\u0131r k\u0131p\u0131r bir aksesuard\u0131r.<\/p>\n<\/li>\n<li data-start=\"909\" data-end=\"1043\">\n<p data-start=\"911\" data-end=\"1043\"><strong data-start=\"911\" data-end=\"926\">EK:<\/strong> Dayan\u0131kl\u0131 metal anahtarl\u0131kla birlikte gelir, anahtarlar, s\u0131rt \u00e7antalar\u0131, \u00e7antalar veya hatta harika bir oyun masas\u0131 dekorasyonu i\u00e7in m\u00fckemmeldir.<\/p>\n<\/li>\n<\/ul>\n<p data-start=\"1045\" data-end=\"1063\"><strong data-start=\"1045\" data-end=\"1061\">\u015eunlar i\u00e7in m\u00fckemmeldir:<\/strong><\/p>\n<ul data-start=\"1065\" data-end=\"1357\">\n<li data-start=\"1065\" data-end=\"1146\">\n<p data-start=\"1067\" data-end=\"1146\"><strong data-start=\"1067\" data-end=\"1086\">Minecraft Hayranlar\u0131:<\/strong> Her Minecraft severin veya oyuncusunun sahip olmas\u0131 gereken bir koleksiyon par\u00e7as\u0131.<\/p>\n<\/li>\n<li data-start=\"1147\" data-end=\"1252\">\n<p data-start=\"1149\" data-end=\"1252\"><strong data-start=\"1149\" data-end=\"1161\">Hediye verme:<\/strong> \u00c7ocuklar, oyuncular veya Minecraft&#039;\u0131n pikselli d\u00fcnyas\u0131ndan ho\u015flanan herkes i\u00e7in harika bir hediye fikri.<\/p>\n<\/li>\n<li data-start=\"1253\" data-end=\"1357\">\n<p data-start=\"1255\" data-end=\"1357\"><strong data-start=\"1255\" data-end=\"1272\">G\u00fcnl\u00fck E\u011flence:<\/strong> G\u00fcnl\u00fck ta\u015f\u0131man\u0131za minyat\u00fcr, hareket ettirilebilen bir \u0130skelet yard\u0131mc\u0131s\u0131yla karakter kat\u0131n!<\/p>\n<\/li>\n<\/ul>\n<p data-start=\"1359\" data-end=\"1379\"><strong data-start=\"1359\" data-end=\"1377\">\u00d6zelle\u015ftirme:<\/strong><\/p>\n<ul data-start=\"1381\" data-end=\"1594\">\n<li data-start=\"1381\" data-end=\"1504\">\n<p data-start=\"1383\" data-end=\"1504\"><strong data-start=\"1383\" data-end=\"1401\">Renk Se\u00e7enekleri:<\/strong> Klasik beyaz Skeleton veya siyah Wither Skeleton versiyonlar\u0131 mevcuttur; her ikisini de alarak tam sete sahip olabilirsiniz!<\/p>\n<\/li>\n<li data-start=\"1505\" data-end=\"1594\">\n<p data-start=\"1507\" data-end=\"1594\"><strong data-start=\"1507\" data-end=\"1526\">El Yap\u0131m\u0131 Dokunu\u015f:<\/strong> Her bir par\u00e7a \u00f6zenle 3D bask\u0131 y\u00f6ntemiyle \u00fcretildi\u011finden her anahtarl\u0131k benzersizdir.<\/p>\n<\/li>\n<\/ul>\n<p data-start=\"1596\" data-end=\"1723\">\u0130ster s\u0131k\u0131 bir oyuncu olun, ister sadece piksel sanat\u0131n\u0131 sevin, Minecraft \u0130skelet Anahtarl\u0131k e\u011flence ve hayranl\u0131\u011f\u0131n m\u00fckemmel bir kar\u0131\u015f\u0131m\u0131d\u0131r!<\/p>","protected":false},"excerpt":{"rendered":"<p>Minecraft d\u00fcnyas\u0131ndan bir par\u00e7ay\u0131 yan\u0131n\u0131zda ta\u015f\u0131y\u0131n! 3D Bask\u0131l\u0131 Minecraft \u0130skelet Anahtarl\u0131klar\u0131m\u0131z, anahtarlar\u0131n\u0131z, \u00e7antan\u0131z veya oyun kurulumunuz i\u00e7in m\u00fckemmel bir geek aksesuar\u0131d\u0131r; poz verilebilir, e\u011flenceli ve hayranlar\u0131n onay\u0131n\u0131 alm\u0131\u015ft\u0131r.<\/p>","protected":false},"featured_media":2818,"template":"","meta":[],"product_brand":[],"product_cat":[32],"product_tag":[],"class_list":{"0":"post-2817","1":"product","2":"type-product","3":"status-publish","4":"has-post-thumbnail","6":"product_cat-toys","8":"first","9":"instock","10":"shipping-taxable","11":"purchasable","12":"product-type-variable"},"yoast_head":"<!-- This site is optimized with the Yoast SEO plugin v27.4 - https:\/\/yoast.com\/product\/yoast-seo-wordpress\/ -->\n<title>Minecraft Skeleton Keychain - Mako 3D<\/title>\n<meta name=\"robots\" content=\"index, follow, max-snippet:-1, max-image-preview:large, max-video-preview:-1\" \/>\n<link rel=\"canonical\" href=\"https:\/\/mako3d.com\/tr\/urun\/minecraft-skeleton-keychain\/\" \/>\n<meta property=\"og:locale\" content=\"tr_TR\" \/>\n<meta property=\"og:type\" content=\"article\" \/>\n<meta property=\"og:title\" content=\"Minecraft Skeleton Keychain - Mako 3D\" \/>\n<meta property=\"og:description\" content=\"Take a piece of the Minecraft world with you! Our 3D Printed Minecraft Skeleton Keychains are the perfect geeky accessory for your keys, bag, or gaming setup\u2014poseable, fun, and fan-approved.\" \/>\n<meta property=\"og:url\" content=\"https:\/\/mako3d.com\/tr\/urun\/minecraft-skeleton-keychain\/\" \/>\n<meta property=\"og:site_name\" content=\"Mako 3D\" \/>\n<meta property=\"article:modified_time\" content=\"2025-08-04T01:16:29+00:00\" \/>\n<meta property=\"og:image\" content=\"https:\/\/mako3d.com\/wp-content\/uploads\/2025\/07\/IMG20250707212922-1-576x1024.png\" \/>\n\t<meta property=\"og:image:width\" content=\"576\" \/>\n\t<meta property=\"og:image:height\" content=\"1024\" \/>\n\t<meta property=\"og:image:type\" content=\"image\/png\" \/>\n<meta name=\"twitter:card\" content=\"summary_large_image\" \/>\n<meta name=\"twitter:label1\" content=\"Tahmini okuma s\u00fcresi\" \/>\n\t<meta name=\"twitter:data1\" content=\"1 dakika\" \/>\n<script type=\"application\/ld+json\" class=\"yoast-schema-graph\">{\"@context\":\"https:\\\/\\\/schema.org\",\"@graph\":[{\"@type\":\"WebPage\",\"@id\":\"https:\\\/\\\/mako3d.com\\\/product\\\/minecraft-skeleton-keychain\\\/\",\"url\":\"https:\\\/\\\/mako3d.com\\\/product\\\/minecraft-skeleton-keychain\\\/\",\"name\":\"Minecraft Skeleton Keychain - Mako 3D\",\"isPartOf\":{\"@id\":\"https:\\\/\\\/mako3d.com\\\/#website\"},\"primaryImageOfPage\":{\"@id\":\"https:\\\/\\\/mako3d.com\\\/product\\\/minecraft-skeleton-keychain\\\/#primaryimage\"},\"image\":{\"@id\":\"https:\\\/\\\/mako3d.com\\\/product\\\/minecraft-skeleton-keychain\\\/#primaryimage\"},\"thumbnailUrl\":\"https:\\\/\\\/mako3d.com\\\/wp-content\\\/uploads\\\/2025\\\/07\\\/IMG20250707212922-1.png\",\"datePublished\":\"2025-07-16T20:33:13+00:00\",\"dateModified\":\"2025-08-04T01:16:29+00:00\",\"breadcrumb\":{\"@id\":\"https:\\\/\\\/mako3d.com\\\/product\\\/minecraft-skeleton-keychain\\\/#breadcrumb\"},\"inLanguage\":\"tr\",\"potentialAction\":[{\"@type\":\"ReadAction\",\"target\":[\"https:\\\/\\\/mako3d.com\\\/product\\\/minecraft-skeleton-keychain\\\/\"]}]},{\"@type\":\"ImageObject\",\"inLanguage\":\"tr\",\"@id\":\"https:\\\/\\\/mako3d.com\\\/product\\\/minecraft-skeleton-keychain\\\/#primaryimage\",\"url\":\"https:\\\/\\\/mako3d.com\\\/wp-content\\\/uploads\\\/2025\\\/07\\\/IMG20250707212922-1.png\",\"contentUrl\":\"https:\\\/\\\/mako3d.com\\\/wp-content\\\/uploads\\\/2025\\\/07\\\/IMG20250707212922-1.png\",\"width\":1152,\"height\":2048},{\"@type\":\"BreadcrumbList\",\"@id\":\"https:\\\/\\\/mako3d.com\\\/product\\\/minecraft-skeleton-keychain\\\/#breadcrumb\",\"itemListElement\":[{\"@type\":\"ListItem\",\"position\":1,\"name\":\"Home\",\"item\":\"https:\\\/\\\/mako3d.com\\\/\"},{\"@type\":\"ListItem\",\"position\":2,\"name\":\"Products\",\"item\":\"https:\\\/\\\/mako3d.com\\\/products\\\/\"},{\"@type\":\"ListItem\",\"position\":3,\"name\":\"Minecraft Skeleton Keychain\"}]},{\"@type\":\"WebSite\",\"@id\":\"https:\\\/\\\/mako3d.com\\\/#website\",\"url\":\"https:\\\/\\\/mako3d.com\\\/\",\"name\":\"Mako 3D\",\"description\":\"Bring your ideas to life\",\"publisher\":{\"@id\":\"https:\\\/\\\/mako3d.com\\\/#organization\"},\"potentialAction\":[{\"@type\":\"SearchAction\",\"target\":{\"@type\":\"EntryPoint\",\"urlTemplate\":\"https:\\\/\\\/mako3d.com\\\/?s={search_term_string}\"},\"query-input\":{\"@type\":\"PropertyValueSpecification\",\"valueRequired\":true,\"valueName\":\"search_term_string\"}}],\"inLanguage\":\"tr\"},{\"@type\":\"Organization\",\"@id\":\"https:\\\/\\\/mako3d.com\\\/#organization\",\"name\":\"Mako 3D\",\"url\":\"https:\\\/\\\/mako3d.com\\\/\",\"logo\":{\"@type\":\"ImageObject\",\"inLanguage\":\"tr\",\"@id\":\"https:\\\/\\\/mako3d.com\\\/#\\\/schema\\\/logo\\\/image\\\/\",\"url\":\"https:\\\/\\\/mako3d.com\\\/wp-content\\\/uploads\\\/2025\\\/03\\\/4x4-mako-3d-logo.jpg\",\"contentUrl\":\"https:\\\/\\\/mako3d.com\\\/wp-content\\\/uploads\\\/2025\\\/03\\\/4x4-mako-3d-logo.jpg\",\"width\":1016,\"height\":1016,\"caption\":\"Mako 3D\"},\"image\":{\"@id\":\"https:\\\/\\\/mako3d.com\\\/#\\\/schema\\\/logo\\\/image\\\/\"},\"sameAs\":[\"https:\\\/\\\/instagram.com\\\/mako3d_\"]}]}<\/script>\n<!-- \/ Yoast SEO plugin. -->","yoast_head_json":{"title":"Minecraft Skeleton Keychain - Mako 3D","robots":{"index":"index","follow":"follow","max-snippet":"max-snippet:-1","max-image-preview":"max-image-preview:large","max-video-preview":"max-video-preview:-1"},"canonical":"https:\/\/mako3d.com\/tr\/urun\/minecraft-skeleton-keychain\/","og_locale":"tr_TR","og_type":"article","og_title":"Minecraft Skeleton Keychain - Mako 3D","og_description":"Take a piece of the Minecraft world with you! Our 3D Printed Minecraft Skeleton Keychains are the perfect geeky accessory for your keys, bag, or gaming setup\u2014poseable, fun, and fan-approved.","og_url":"https:\/\/mako3d.com\/tr\/urun\/minecraft-skeleton-keychain\/","og_site_name":"Mako 3D","article_modified_time":"2025-08-04T01:16:29+00:00","og_image":[{"width":576,"height":1024,"url":"https:\/\/mako3d.com\/wp-content\/uploads\/2025\/07\/IMG20250707212922-1-576x1024.png","type":"image\/png"}],"twitter_card":"summary_large_image","twitter_misc":{"Tahmini okuma s\u00fcresi":"1 dakika"},"schema":{"@context":"https:\/\/schema.org","@graph":[{"@type":"WebPage","@id":"https:\/\/mako3d.com\/product\/minecraft-skeleton-keychain\/","url":"https:\/\/mako3d.com\/product\/minecraft-skeleton-keychain\/","name":"Minecraft Skeleton Keychain - Mako 3D","isPartOf":{"@id":"https:\/\/mako3d.com\/#website"},"primaryImageOfPage":{"@id":"https:\/\/mako3d.com\/product\/minecraft-skeleton-keychain\/#primaryimage"},"image":{"@id":"https:\/\/mako3d.com\/product\/minecraft-skeleton-keychain\/#primaryimage"},"thumbnailUrl":"https:\/\/mako3d.com\/wp-content\/uploads\/2025\/07\/IMG20250707212922-1.png","datePublished":"2025-07-16T20:33:13+00:00","dateModified":"2025-08-04T01:16:29+00:00","breadcrumb":{"@id":"https:\/\/mako3d.com\/product\/minecraft-skeleton-keychain\/#breadcrumb"},"inLanguage":"tr","potentialAction":[{"@type":"ReadAction","target":["https:\/\/mako3d.com\/product\/minecraft-skeleton-keychain\/"]}]},{"@type":"ImageObject","inLanguage":"tr","@id":"https:\/\/mako3d.com\/product\/minecraft-skeleton-keychain\/#primaryimage","url":"https:\/\/mako3d.com\/wp-content\/uploads\/2025\/07\/IMG20250707212922-1.png","contentUrl":"https:\/\/mako3d.com\/wp-content\/uploads\/2025\/07\/IMG20250707212922-1.png","width":1152,"height":2048},{"@type":"BreadcrumbList","@id":"https:\/\/mako3d.com\/product\/minecraft-skeleton-keychain\/#breadcrumb","itemListElement":[{"@type":"ListItem","position":1,"name":"Home","item":"https:\/\/mako3d.com\/"},{"@type":"ListItem","position":2,"name":"Products","item":"https:\/\/mako3d.com\/products\/"},{"@type":"ListItem","position":3,"name":"Minecraft Skeleton Keychain"}]},{"@type":"WebSite","@id":"https:\/\/mako3d.com\/#website","url":"https:\/\/mako3d.com\/","name":"Mako3D","description":"Fikirlerinizi hayata ge\u00e7irin","publisher":{"@id":"https:\/\/mako3d.com\/#organization"},"potentialAction":[{"@type":"SearchAction","target":{"@type":"EntryPoint","urlTemplate":"https:\/\/mako3d.com\/?s={search_term_string}"},"query-input":{"@type":"PropertyValueSpecification","valueRequired":true,"valueName":"search_term_string"}}],"inLanguage":"tr"},{"@type":"Organization","@id":"https:\/\/mako3d.com\/#organization","name":"Mako3D","url":"https:\/\/mako3d.com\/","logo":{"@type":"ImageObject","inLanguage":"tr","@id":"https:\/\/mako3d.com\/#\/schema\/logo\/image\/","url":"https:\/\/mako3d.com\/wp-content\/uploads\/2025\/03\/4x4-mako-3d-logo.jpg","contentUrl":"https:\/\/mako3d.com\/wp-content\/uploads\/2025\/03\/4x4-mako-3d-logo.jpg","width":1016,"height":1016,"caption":"Mako 3D"},"image":{"@id":"https:\/\/mako3d.com\/#\/schema\/logo\/image\/"},"sameAs":["https:\/\/instagram.com\/mako3d_"]}]}},"_links":{"self":[{"href":"https:\/\/mako3d.com\/tr\/wp-json\/wp\/v2\/product\/2817","targetHints":{"allow":["GET"]}}],"collection":[{"href":"https:\/\/mako3d.com\/tr\/wp-json\/wp\/v2\/product"}],"about":[{"href":"https:\/\/mako3d.com\/tr\/wp-json\/wp\/v2\/types\/product"}],"wp:featuredmedia":[{"embeddable":true,"href":"https:\/\/mako3d.com\/tr\/wp-json\/wp\/v2\/media\/2818"}],"wp:attachment":[{"href":"https:\/\/mako3d.com\/tr\/wp-json\/wp\/v2\/media?parent=2817"}],"wp:term":[{"taxonomy":"product_brand","embeddable":true,"href":"https:\/\/mako3d.com\/tr\/wp-json\/wp\/v2\/product_brand?post=2817"},{"taxonomy":"product_cat","embeddable":true,"href":"https:\/\/mako3d.com\/tr\/wp-json\/wp\/v2\/product_cat?post=2817"},{"taxonomy":"product_tag","embeddable":true,"href":"https:\/\/mako3d.com\/tr\/wp-json\/wp\/v2\/product_tag?post=2817"}],"curies":[{"name":"wp","href":"https:\/\/api.w.org\/{rel}","templated":true}]}}