{"id":2812,"date":"2025-07-16T19:56:54","date_gmt":"2025-07-16T19:56:54","guid":{"rendered":"https:\/\/mako3d.com\/?post_type=product&#038;p=2812"},"modified":"2025-08-04T01:16:22","modified_gmt":"2025-08-04T01:16:22","slug":"galata-tower","status":"publish","type":"product","link":"https:\/\/mako3d.com\/tr\/urun\/galata-tower\/","title":{"rendered":"Galata Kulesi"},"content":{"rendered":"<p data-start=\"553\" data-end=\"568\"><strong data-start=\"553\" data-end=\"566\">\u00d6zellikler:<\/strong><\/p>\n<ul data-start=\"570\" data-end=\"1178\">\n<li data-start=\"570\" data-end=\"726\">\n<p data-start=\"572\" data-end=\"726\"><strong data-start=\"572\" data-end=\"585\">Malzeme:<\/strong> \u00c7evre dostu PLA&#039;dan \u00fcretilen \u00fcr\u00fcn, Galata Kulesi&#039;ni an\u0131msatan karma\u015f\u0131k y\u00fczey detaylar\u0131yla hafif ama sa\u011flam bir yap\u0131 sunuyor.<\/p>\n<\/li>\n<li data-start=\"727\" data-end=\"902\">\n<p data-start=\"729\" data-end=\"902\"><strong data-start=\"729\" data-end=\"740\">Tasar\u0131m:<\/strong> \u0130stanbul&#039;un simgesi Galata Kulesi&#039;nin, dokulu ta\u015f i\u015f\u00e7ili\u011fi ve mum \u0131\u015f\u0131\u011f\u0131n\u0131n g\u00fczelce i\u00e7eri s\u00fcz\u00fclmesini sa\u011flayan pencere oyuklar\u0131yla tamamlanan g\u00f6z al\u0131c\u0131 3 boyutlu replikas\u0131.<\/p>\n<\/li>\n<li data-start=\"903\" data-end=\"1068\">\n<p data-start=\"905\" data-end=\"1068\"><strong data-start=\"905\" data-end=\"918\">Ayd\u0131nlatma:<\/strong> \u0130\u00e7erisine tam oturan alevsiz LED tealight mum, kulenin pencerelerini ayd\u0131nlatarak b\u00fcy\u00fcl\u00fc bir etki yaratan yumu\u015fak ve ortam \u0131\u015f\u0131\u011f\u0131 yarat\u0131yor.<\/p>\n<\/li>\n<li data-start=\"1069\" data-end=\"1178\">\n<p data-start=\"1071\" data-end=\"1178\"><strong data-start=\"1071\" data-end=\"1087\">Kolay Eri\u015fim:<\/strong> Taban k\u0131sm\u0131 kolayca \u00e7\u0131kar\u0131larak istedi\u011finiz zaman tealight mumunuzu yerle\u015ftirebilir veya de\u011fi\u015ftirebilirsiniz.<\/p>\n<\/li>\n<\/ul>\n<p data-start=\"1180\" data-end=\"1198\"><strong data-start=\"1180\" data-end=\"1196\">\u015eunlar i\u00e7in m\u00fckemmeldir:<\/strong><\/p>\n<ul data-start=\"1200\" data-end=\"1601\">\n<li data-start=\"1200\" data-end=\"1345\">\n<p data-start=\"1202\" data-end=\"1345\"><strong data-start=\"1202\" data-end=\"1217\">Ev Dekorasyonu:<\/strong> Oturma odalar\u0131, ofisler veya kitapl\u0131klar i\u00e7in g\u00f6z al\u0131c\u0131 bir merkez par\u00e7as\u0131, her mekana mimari bir zarafet dokunu\u015fu kat\u0131yor.<\/p>\n<\/li>\n<li data-start=\"1346\" data-end=\"1476\">\n<p data-start=\"1348\" data-end=\"1476\"><strong data-start=\"1348\" data-end=\"1358\">Hediyeler:<\/strong> Seyahat tutkunlar\u0131, tarih merakl\u0131lar\u0131 veya \u0130stanbul&#039;u ve simge yap\u0131lar\u0131n\u0131 seven herkes i\u00e7in anlaml\u0131 ve benzersiz bir hediye.<\/p>\n<\/li>\n<li data-start=\"1477\" data-end=\"1601\">\n<p data-start=\"1479\" data-end=\"1601\"><strong data-start=\"1479\" data-end=\"1497\">Ruh Hali Ayd\u0131nlatmas\u0131:<\/strong> Yatak odalar\u0131nda, okuma k\u00f6\u015felerinde veya ak\u015fam toplant\u0131lar\u0131nda rahatlat\u0131c\u0131 ve dinlendirici bir atmosfer yaratmak i\u00e7in idealdir.<\/p>\n<\/li>\n<\/ul>\n<p data-start=\"1603\" data-end=\"1623\"><strong data-start=\"1603\" data-end=\"1621\">\u00d6zelle\u015ftirme:<\/strong><\/p>\n<ul data-start=\"1625\" data-end=\"1818\">\n<li data-start=\"1625\" data-end=\"1717\">\n<p data-start=\"1627\" data-end=\"1717\"><strong data-start=\"1627\" data-end=\"1645\">Renk Se\u00e7enekleri:<\/strong> Klasik ta\u015f grisi ve talep \u00fczerine di\u011fer \u00f6zel renklerde mevcuttur.<\/p>\n<\/li>\n<li data-start=\"1718\" data-end=\"1818\">\n<p data-start=\"1720\" data-end=\"1818\"><strong data-start=\"1720\" data-end=\"1747\">Tealight Uyumlulu\u011fu:<\/strong> Standart LED tealight mumlarla uyumludur, g\u00fcvenli ve kolay kullan\u0131m sa\u011flar.<\/p>\n<\/li>\n<\/ul>\n<p data-start=\"1820\" data-end=\"1949\">Galata Kulesi&#039;nin g\u00fczelli\u011fini, sanat, tarih ve \u0131\u015f\u0131\u011f\u0131n b\u00fcy\u00fcleyici bir kar\u0131\u015f\u0131m\u0131 olan bu zarif, 3D Bask\u0131l\u0131 Mumluk ile kutlay\u0131n.<\/p>","protected":false},"excerpt":{"rendered":"<p>3D Bask\u0131l\u0131 Galata Kulesi Mumlu\u011fumuzla \u0130stanbul&#039;un cazibesinden bir par\u00e7ay\u0131 evinize ta\u015f\u0131y\u0131n. Bu zarif detaylara sahip par\u00e7a, i\u00e7indeki LED tealight ile s\u0131cak bir \u015fekilde parl\u0131yor; rahat geceler i\u00e7in veya gezginler ve mimari tutkunlar\u0131 i\u00e7in e\u015fsiz bir hediye olarak m\u00fckemmel.<\/p>","protected":false},"featured_media":2814,"template":"","meta":[],"product_brand":[],"product_cat":[30],"product_tag":[],"class_list":{"0":"post-2812","1":"product","2":"type-product","3":"status-publish","4":"has-post-thumbnail","6":"product_cat-decorations","8":"first","9":"instock","10":"shipping-taxable","11":"purchasable","12":"product-type-simple"},"yoast_head":"<!-- This site is optimized with the Yoast SEO plugin v27.4 - https:\/\/yoast.com\/product\/yoast-seo-wordpress\/ -->\n<title>Galata Tower - Mako 3D<\/title>\n<meta name=\"robots\" content=\"index, follow, max-snippet:-1, max-image-preview:large, max-video-preview:-1\" \/>\n<link rel=\"canonical\" href=\"https:\/\/mako3d.com\/tr\/urun\/galata-tower\/\" \/>\n<meta property=\"og:locale\" content=\"tr_TR\" \/>\n<meta property=\"og:type\" content=\"article\" \/>\n<meta property=\"og:title\" content=\"Galata Tower - Mako 3D\" \/>\n<meta property=\"og:description\" content=\"Bring a piece of Istanbul\u2019s charm to your home with our 3D Printed Galata Tower Candle Holder. This beautifully detailed piece glows warmly with an LED tealight inside\u2014perfect for cozy nights or as a unique gift for travelers and architecture lovers.\" \/>\n<meta property=\"og:url\" content=\"https:\/\/mako3d.com\/tr\/urun\/galata-tower\/\" \/>\n<meta property=\"og:site_name\" content=\"Mako 3D\" \/>\n<meta property=\"article:modified_time\" content=\"2025-08-04T01:16:22+00:00\" \/>\n<meta property=\"og:image\" content=\"https:\/\/mako3d.com\/wp-content\/uploads\/2025\/07\/IMG20250711161158-768x1024.png\" \/>\n\t<meta property=\"og:image:width\" content=\"768\" \/>\n\t<meta property=\"og:image:height\" content=\"1024\" \/>\n\t<meta property=\"og:image:type\" content=\"image\/png\" \/>\n<meta name=\"twitter:card\" content=\"summary_large_image\" \/>\n<meta name=\"twitter:label1\" content=\"Tahmini okuma s\u00fcresi\" \/>\n\t<meta name=\"twitter:data1\" content=\"2 dakika\" \/>\n<script type=\"application\/ld+json\" class=\"yoast-schema-graph\">{\"@context\":\"https:\\\/\\\/schema.org\",\"@graph\":[{\"@type\":\"WebPage\",\"@id\":\"https:\\\/\\\/mako3d.com\\\/product\\\/galata-tower\\\/\",\"url\":\"https:\\\/\\\/mako3d.com\\\/product\\\/galata-tower\\\/\",\"name\":\"Galata Tower - Mako 3D\",\"isPartOf\":{\"@id\":\"https:\\\/\\\/mako3d.com\\\/#website\"},\"primaryImageOfPage\":{\"@id\":\"https:\\\/\\\/mako3d.com\\\/product\\\/galata-tower\\\/#primaryimage\"},\"image\":{\"@id\":\"https:\\\/\\\/mako3d.com\\\/product\\\/galata-tower\\\/#primaryimage\"},\"thumbnailUrl\":\"https:\\\/\\\/mako3d.com\\\/wp-content\\\/uploads\\\/2025\\\/07\\\/IMG20250711161158.png\",\"datePublished\":\"2025-07-16T19:56:54+00:00\",\"dateModified\":\"2025-08-04T01:16:22+00:00\",\"breadcrumb\":{\"@id\":\"https:\\\/\\\/mako3d.com\\\/product\\\/galata-tower\\\/#breadcrumb\"},\"inLanguage\":\"tr\",\"potentialAction\":[{\"@type\":\"ReadAction\",\"target\":[\"https:\\\/\\\/mako3d.com\\\/product\\\/galata-tower\\\/\"]}]},{\"@type\":\"ImageObject\",\"inLanguage\":\"tr\",\"@id\":\"https:\\\/\\\/mako3d.com\\\/product\\\/galata-tower\\\/#primaryimage\",\"url\":\"https:\\\/\\\/mako3d.com\\\/wp-content\\\/uploads\\\/2025\\\/07\\\/IMG20250711161158.png\",\"contentUrl\":\"https:\\\/\\\/mako3d.com\\\/wp-content\\\/uploads\\\/2025\\\/07\\\/IMG20250711161158.png\",\"width\":1536,\"height\":2048},{\"@type\":\"BreadcrumbList\",\"@id\":\"https:\\\/\\\/mako3d.com\\\/product\\\/galata-tower\\\/#breadcrumb\",\"itemListElement\":[{\"@type\":\"ListItem\",\"position\":1,\"name\":\"Home\",\"item\":\"https:\\\/\\\/mako3d.com\\\/\"},{\"@type\":\"ListItem\",\"position\":2,\"name\":\"Products\",\"item\":\"https:\\\/\\\/mako3d.com\\\/products\\\/\"},{\"@type\":\"ListItem\",\"position\":3,\"name\":\"Galata Tower\"}]},{\"@type\":\"WebSite\",\"@id\":\"https:\\\/\\\/mako3d.com\\\/#website\",\"url\":\"https:\\\/\\\/mako3d.com\\\/\",\"name\":\"Mako 3D\",\"description\":\"Bring your ideas to life\",\"publisher\":{\"@id\":\"https:\\\/\\\/mako3d.com\\\/#organization\"},\"potentialAction\":[{\"@type\":\"SearchAction\",\"target\":{\"@type\":\"EntryPoint\",\"urlTemplate\":\"https:\\\/\\\/mako3d.com\\\/?s={search_term_string}\"},\"query-input\":{\"@type\":\"PropertyValueSpecification\",\"valueRequired\":true,\"valueName\":\"search_term_string\"}}],\"inLanguage\":\"tr\"},{\"@type\":\"Organization\",\"@id\":\"https:\\\/\\\/mako3d.com\\\/#organization\",\"name\":\"Mako 3D\",\"url\":\"https:\\\/\\\/mako3d.com\\\/\",\"logo\":{\"@type\":\"ImageObject\",\"inLanguage\":\"tr\",\"@id\":\"https:\\\/\\\/mako3d.com\\\/#\\\/schema\\\/logo\\\/image\\\/\",\"url\":\"https:\\\/\\\/mako3d.com\\\/wp-content\\\/uploads\\\/2025\\\/03\\\/4x4-mako-3d-logo.jpg\",\"contentUrl\":\"https:\\\/\\\/mako3d.com\\\/wp-content\\\/uploads\\\/2025\\\/03\\\/4x4-mako-3d-logo.jpg\",\"width\":1016,\"height\":1016,\"caption\":\"Mako 3D\"},\"image\":{\"@id\":\"https:\\\/\\\/mako3d.com\\\/#\\\/schema\\\/logo\\\/image\\\/\"},\"sameAs\":[\"https:\\\/\\\/instagram.com\\\/mako3d_\"]}]}<\/script>\n<!-- \/ Yoast SEO plugin. -->","yoast_head_json":{"title":"Galata Tower - Mako 3D","robots":{"index":"index","follow":"follow","max-snippet":"max-snippet:-1","max-image-preview":"max-image-preview:large","max-video-preview":"max-video-preview:-1"},"canonical":"https:\/\/mako3d.com\/tr\/urun\/galata-tower\/","og_locale":"tr_TR","og_type":"article","og_title":"Galata Tower - Mako 3D","og_description":"Bring a piece of Istanbul\u2019s charm to your home with our 3D Printed Galata Tower Candle Holder. This beautifully detailed piece glows warmly with an LED tealight inside\u2014perfect for cozy nights or as a unique gift for travelers and architecture lovers.","og_url":"https:\/\/mako3d.com\/tr\/urun\/galata-tower\/","og_site_name":"Mako 3D","article_modified_time":"2025-08-04T01:16:22+00:00","og_image":[{"width":768,"height":1024,"url":"https:\/\/mako3d.com\/wp-content\/uploads\/2025\/07\/IMG20250711161158-768x1024.png","type":"image\/png"}],"twitter_card":"summary_large_image","twitter_misc":{"Tahmini okuma s\u00fcresi":"2 dakika"},"schema":{"@context":"https:\/\/schema.org","@graph":[{"@type":"WebPage","@id":"https:\/\/mako3d.com\/product\/galata-tower\/","url":"https:\/\/mako3d.com\/product\/galata-tower\/","name":"Galata Tower - Mako 3D","isPartOf":{"@id":"https:\/\/mako3d.com\/#website"},"primaryImageOfPage":{"@id":"https:\/\/mako3d.com\/product\/galata-tower\/#primaryimage"},"image":{"@id":"https:\/\/mako3d.com\/product\/galata-tower\/#primaryimage"},"thumbnailUrl":"https:\/\/mako3d.com\/wp-content\/uploads\/2025\/07\/IMG20250711161158.png","datePublished":"2025-07-16T19:56:54+00:00","dateModified":"2025-08-04T01:16:22+00:00","breadcrumb":{"@id":"https:\/\/mako3d.com\/product\/galata-tower\/#breadcrumb"},"inLanguage":"tr","potentialAction":[{"@type":"ReadAction","target":["https:\/\/mako3d.com\/product\/galata-tower\/"]}]},{"@type":"ImageObject","inLanguage":"tr","@id":"https:\/\/mako3d.com\/product\/galata-tower\/#primaryimage","url":"https:\/\/mako3d.com\/wp-content\/uploads\/2025\/07\/IMG20250711161158.png","contentUrl":"https:\/\/mako3d.com\/wp-content\/uploads\/2025\/07\/IMG20250711161158.png","width":1536,"height":2048},{"@type":"BreadcrumbList","@id":"https:\/\/mako3d.com\/product\/galata-tower\/#breadcrumb","itemListElement":[{"@type":"ListItem","position":1,"name":"Home","item":"https:\/\/mako3d.com\/"},{"@type":"ListItem","position":2,"name":"Products","item":"https:\/\/mako3d.com\/products\/"},{"@type":"ListItem","position":3,"name":"Galata Tower"}]},{"@type":"WebSite","@id":"https:\/\/mako3d.com\/#website","url":"https:\/\/mako3d.com\/","name":"Mako3D","description":"Fikirlerinizi hayata ge\u00e7irin","publisher":{"@id":"https:\/\/mako3d.com\/#organization"},"potentialAction":[{"@type":"SearchAction","target":{"@type":"EntryPoint","urlTemplate":"https:\/\/mako3d.com\/?s={search_term_string}"},"query-input":{"@type":"PropertyValueSpecification","valueRequired":true,"valueName":"search_term_string"}}],"inLanguage":"tr"},{"@type":"Organization","@id":"https:\/\/mako3d.com\/#organization","name":"Mako3D","url":"https:\/\/mako3d.com\/","logo":{"@type":"ImageObject","inLanguage":"tr","@id":"https:\/\/mako3d.com\/#\/schema\/logo\/image\/","url":"https:\/\/mako3d.com\/wp-content\/uploads\/2025\/03\/4x4-mako-3d-logo.jpg","contentUrl":"https:\/\/mako3d.com\/wp-content\/uploads\/2025\/03\/4x4-mako-3d-logo.jpg","width":1016,"height":1016,"caption":"Mako 3D"},"image":{"@id":"https:\/\/mako3d.com\/#\/schema\/logo\/image\/"},"sameAs":["https:\/\/instagram.com\/mako3d_"]}]}},"_links":{"self":[{"href":"https:\/\/mako3d.com\/tr\/wp-json\/wp\/v2\/product\/2812","targetHints":{"allow":["GET"]}}],"collection":[{"href":"https:\/\/mako3d.com\/tr\/wp-json\/wp\/v2\/product"}],"about":[{"href":"https:\/\/mako3d.com\/tr\/wp-json\/wp\/v2\/types\/product"}],"wp:featuredmedia":[{"embeddable":true,"href":"https:\/\/mako3d.com\/tr\/wp-json\/wp\/v2\/media\/2814"}],"wp:attachment":[{"href":"https:\/\/mako3d.com\/tr\/wp-json\/wp\/v2\/media?parent=2812"}],"wp:term":[{"taxonomy":"product_brand","embeddable":true,"href":"https:\/\/mako3d.com\/tr\/wp-json\/wp\/v2\/product_brand?post=2812"},{"taxonomy":"product_cat","embeddable":true,"href":"https:\/\/mako3d.com\/tr\/wp-json\/wp\/v2\/product_cat?post=2812"},{"taxonomy":"product_tag","embeddable":true,"href":"https:\/\/mako3d.com\/tr\/wp-json\/wp\/v2\/product_tag?post=2812"}],"curies":[{"name":"wp","href":"https:\/\/api.w.org\/{rel}","templated":true}]}}