{"id":2787,"date":"2025-07-16T18:42:40","date_gmt":"2025-07-16T18:42:40","guid":{"rendered":"https:\/\/mako3d.com\/?post_type=product&#038;p=2787"},"modified":"2025-07-16T18:47:37","modified_gmt":"2025-07-16T18:47:37","slug":"toothless-light-fury-dragon-keychains","status":"publish","type":"product","link":"https:\/\/mako3d.com\/tr\/urun\/toothless-light-fury-dragon-keychains\/","title":{"rendered":"Di\u015fsiz ve Hafif \u00d6fke Ejderhas\u0131 Anahtarl\u0131klar\u0131"},"content":{"rendered":"<p data-start=\"537\" data-end=\"552\"><strong data-start=\"537\" data-end=\"550\">\u00d6zellikler:<\/strong><\/p>\n<ul data-start=\"554\" data-end=\"1132\">\n<li data-start=\"554\" data-end=\"709\">\n<p data-start=\"556\" data-end=\"709\"><strong data-start=\"556\" data-end=\"569\">Malzeme:<\/strong> \u00c7evre dostu PLA&#039;dan \u00fcretilen bu anahtarl\u0131klar hafif ama dayan\u0131kl\u0131d\u0131r; anahtarlar\u0131n\u0131z\u0131 veya \u00e7antalar\u0131n\u0131z\u0131 a\u011f\u0131rla\u015ft\u0131rmadan g\u00fcnl\u00fck kullan\u0131m i\u00e7in m\u00fckemmeldir.<\/p>\n<\/li>\n<li data-start=\"710\" data-end=\"865\">\n<p data-start=\"712\" data-end=\"865\"><strong data-start=\"712\" data-end=\"723\">Tasar\u0131m:<\/strong> Di\u015fsiz (siyah ejderha) ve I\u015f\u0131k \u00d6fkesi&#039;nin (beyaz ejderha) canl\u0131, renkli g\u00f6zleriyle canlanan sevimli bir \u015fekilde haz\u0131rlanm\u0131\u015f mini versiyonlar\u0131.<\/p>\n<\/li>\n<li data-start=\"866\" data-end=\"999\">\n<p data-start=\"868\" data-end=\"999\"><strong data-start=\"868\" data-end=\"877\">Boyut:<\/strong> Kompakt ve ta\u015f\u0131mas\u0131 kolay, elinize veya cebinize rahat\u00e7a s\u0131\u011far, aksesuarlar\u0131n\u0131za e\u011flenceli bir dokunu\u015f katar.<\/p>\n<\/li>\n<li data-start=\"1000\" data-end=\"1132\">\n<p data-start=\"1002\" data-end=\"1132\"><strong data-start=\"1002\" data-end=\"1017\">EK:<\/strong> Anahtarlar\u0131n\u0131za, s\u0131rt \u00e7antan\u0131za, \u00e7antan\u0131za kolayca takabilece\u011finiz ve hatta fermuar s\u00fcs\u00fc olarak kullanabilece\u011finiz sa\u011flam bir metal anahtarl\u0131kla birlikte gelir.<\/p>\n<\/li>\n<\/ul>\n<p data-start=\"1134\" data-end=\"1152\"><strong data-start=\"1134\" data-end=\"1150\">\u015eunlar i\u00e7in m\u00fckemmeldir:<\/strong><\/p>\n<ul data-start=\"1154\" data-end=\"1457\">\n<li data-start=\"1154\" data-end=\"1247\">\n<p data-start=\"1156\" data-end=\"1247\"><strong data-start=\"1156\" data-end=\"1178\">Hayranlar ve Koleksiyoncular:<\/strong> Ejderhan\u0131 Nas\u0131l E\u011fitirsin merakl\u0131lar\u0131 i\u00e7in keyifli bir koleksiyon par\u00e7as\u0131.<\/p>\n<\/li>\n<li data-start=\"1248\" data-end=\"1354\">\n<p data-start=\"1250\" data-end=\"1354\"><strong data-start=\"1250\" data-end=\"1262\">Hediye verme:<\/strong> \u00c7ocuklar, arkada\u015flar veya ejderhalar\u0131 ve fantastik \u015feyleri seven herkes i\u00e7in sevimli ve d\u00fc\u015f\u00fcnceli bir hediye.<\/p>\n<\/li>\n<li data-start=\"1355\" data-end=\"1457\">\n<p data-start=\"1357\" data-end=\"1457\"><strong data-start=\"1357\" data-end=\"1374\">G\u00fcnl\u00fck E\u011flence:<\/strong> Bu sevimli k\u00fc\u00e7\u00fck ejderhalarla g\u00fcnl\u00fck rutininizi renklendirin!<\/p>\n<\/li>\n<\/ul>\n<p data-start=\"1459\" data-end=\"1479\"><strong data-start=\"1459\" data-end=\"1477\">\u00d6zelle\u015ftirme:<\/strong><\/p>\n<ul data-start=\"1481\" data-end=\"1700\">\n<li data-start=\"1481\" data-end=\"1607\">\n<p data-start=\"1483\" data-end=\"1607\"><strong data-start=\"1483\" data-end=\"1501\">Renk Se\u00e7enekleri:<\/strong> Simgesel siyah Toothless ve zarif beyaz Light Fury aras\u0131nda se\u00e7im yap\u0131n veya her ikisini de uyumlu bir set olarak edinin.<\/p>\n<\/li>\n<li data-start=\"1608\" data-end=\"1700\">\n<p data-start=\"1610\" data-end=\"1700\"><strong data-start=\"1610\" data-end=\"1629\">Ki\u015fisel Dokunu\u015f:<\/strong> Ejderhan\u0131z\u0131 benzersiz k\u0131lmak i\u00e7in iste\u011finiz \u00fczerine g\u00f6z renklerini \u00f6zelle\u015ftirebiliriz!<\/p>\n<\/li>\n<\/ul>\n<p data-start=\"1702\" data-end=\"1801\">Ejderha maceras\u0131ndan bir par\u00e7ay\u0131 evinize getirin ve Di\u015fsiz ve I\u015f\u0131k \u00d6fkesi&#039;nin anahtarlar\u0131n\u0131z\u0131 \u015f\u0131k bir \u015fekilde korumas\u0131na izin verin.<\/p>","protected":false},"excerpt":{"rendered":"<p>Yan\u0131n\u0131zda biraz ejderha b\u00fcy\u00fcs\u00fc ta\u015f\u0131y\u0131n! 3D Bask\u0131l\u0131 Di\u015fsiz ve I\u015f\u0131k \u00d6fkesi Anahtarl\u0131klar\u0131m\u0131z, anahtarlar\u0131n\u0131z, \u00e7antalar\u0131n\u0131z veya hediyeleriniz i\u00e7in m\u00fckemmel ve sevimli bir arkada\u015ft\u0131r. Ejderhan\u0131 Nas\u0131l E\u011fitirsin hayranlar\u0131 i\u00e7in olmazsa olmaz!<\/p>","protected":false},"featured_media":2790,"template":"","meta":[],"product_brand":[],"product_cat":[32],"product_tag":[],"class_list":{"0":"post-2787","1":"product","2":"type-product","3":"status-publish","4":"has-post-thumbnail","6":"product_cat-toys","8":"first","9":"instock","10":"shipping-taxable","11":"purchasable","12":"product-type-variable"},"yoast_head":"<!-- This site is optimized with the Yoast SEO plugin v27.4 - https:\/\/yoast.com\/product\/yoast-seo-wordpress\/ -->\n<title>Toothless &amp; Light Fury Dragon Keychains - Mako 3D<\/title>\n<meta name=\"robots\" content=\"index, follow, max-snippet:-1, max-image-preview:large, max-video-preview:-1\" \/>\n<link rel=\"canonical\" href=\"https:\/\/mako3d.com\/tr\/urun\/toothless-light-fury-dragon-keychains\/\" \/>\n<meta property=\"og:locale\" content=\"tr_TR\" \/>\n<meta property=\"og:type\" content=\"article\" \/>\n<meta property=\"og:title\" content=\"Toothless &amp; Light Fury Dragon Keychains - Mako 3D\" \/>\n<meta property=\"og:description\" content=\"Carry a bit of dragon magic with you! Our 3D-Printed Toothless and Light Fury Keychains are the perfect cute companion for your keys, bags, or gifts. A must-have for any How to Train Your Dragon fan!\" \/>\n<meta property=\"og:url\" content=\"https:\/\/mako3d.com\/tr\/urun\/toothless-light-fury-dragon-keychains\/\" \/>\n<meta property=\"og:site_name\" content=\"Mako 3D\" \/>\n<meta property=\"article:modified_time\" content=\"2025-07-16T18:47:37+00:00\" \/>\n<meta property=\"og:image\" content=\"https:\/\/mako3d.com\/wp-content\/uploads\/2025\/07\/IMG20250711142009.png\" \/>\n\t<meta property=\"og:image:width\" content=\"1536\" \/>\n\t<meta property=\"og:image:height\" content=\"2048\" \/>\n\t<meta property=\"og:image:type\" content=\"image\/png\" \/>\n<meta name=\"twitter:card\" content=\"summary_large_image\" \/>\n<meta name=\"twitter:label1\" content=\"Tahmini okuma s\u00fcresi\" \/>\n\t<meta name=\"twitter:data1\" content=\"2 dakika\" \/>\n<script type=\"application\/ld+json\" class=\"yoast-schema-graph\">{\"@context\":\"https:\\\/\\\/schema.org\",\"@graph\":[{\"@type\":\"WebPage\",\"@id\":\"https:\\\/\\\/mako3d.com\\\/product\\\/toothless-light-fury-dragon-keychains\\\/\",\"url\":\"https:\\\/\\\/mako3d.com\\\/product\\\/toothless-light-fury-dragon-keychains\\\/\",\"name\":\"Toothless & Light Fury Dragon Keychains - Mako 3D\",\"isPartOf\":{\"@id\":\"https:\\\/\\\/mako3d.com\\\/#website\"},\"primaryImageOfPage\":{\"@id\":\"https:\\\/\\\/mako3d.com\\\/product\\\/toothless-light-fury-dragon-keychains\\\/#primaryimage\"},\"image\":{\"@id\":\"https:\\\/\\\/mako3d.com\\\/product\\\/toothless-light-fury-dragon-keychains\\\/#primaryimage\"},\"thumbnailUrl\":\"https:\\\/\\\/mako3d.com\\\/wp-content\\\/uploads\\\/2025\\\/07\\\/IMG20250711142009.png\",\"datePublished\":\"2025-07-16T18:42:40+00:00\",\"dateModified\":\"2025-07-16T18:47:37+00:00\",\"breadcrumb\":{\"@id\":\"https:\\\/\\\/mako3d.com\\\/product\\\/toothless-light-fury-dragon-keychains\\\/#breadcrumb\"},\"inLanguage\":\"tr\",\"potentialAction\":[{\"@type\":\"ReadAction\",\"target\":[\"https:\\\/\\\/mako3d.com\\\/product\\\/toothless-light-fury-dragon-keychains\\\/\"]}]},{\"@type\":\"ImageObject\",\"inLanguage\":\"tr\",\"@id\":\"https:\\\/\\\/mako3d.com\\\/product\\\/toothless-light-fury-dragon-keychains\\\/#primaryimage\",\"url\":\"https:\\\/\\\/mako3d.com\\\/wp-content\\\/uploads\\\/2025\\\/07\\\/IMG20250711142009.png\",\"contentUrl\":\"https:\\\/\\\/mako3d.com\\\/wp-content\\\/uploads\\\/2025\\\/07\\\/IMG20250711142009.png\",\"width\":1536,\"height\":2048},{\"@type\":\"BreadcrumbList\",\"@id\":\"https:\\\/\\\/mako3d.com\\\/product\\\/toothless-light-fury-dragon-keychains\\\/#breadcrumb\",\"itemListElement\":[{\"@type\":\"ListItem\",\"position\":1,\"name\":\"Home\",\"item\":\"https:\\\/\\\/mako3d.com\\\/\"},{\"@type\":\"ListItem\",\"position\":2,\"name\":\"Products\",\"item\":\"https:\\\/\\\/mako3d.com\\\/products\\\/\"},{\"@type\":\"ListItem\",\"position\":3,\"name\":\"Toothless &#038; Light Fury Dragon Keychains\"}]},{\"@type\":\"WebSite\",\"@id\":\"https:\\\/\\\/mako3d.com\\\/#website\",\"url\":\"https:\\\/\\\/mako3d.com\\\/\",\"name\":\"Mako 3D\",\"description\":\"Bring your ideas to life\",\"publisher\":{\"@id\":\"https:\\\/\\\/mako3d.com\\\/#organization\"},\"potentialAction\":[{\"@type\":\"SearchAction\",\"target\":{\"@type\":\"EntryPoint\",\"urlTemplate\":\"https:\\\/\\\/mako3d.com\\\/?s={search_term_string}\"},\"query-input\":{\"@type\":\"PropertyValueSpecification\",\"valueRequired\":true,\"valueName\":\"search_term_string\"}}],\"inLanguage\":\"tr\"},{\"@type\":\"Organization\",\"@id\":\"https:\\\/\\\/mako3d.com\\\/#organization\",\"name\":\"Mako 3D\",\"url\":\"https:\\\/\\\/mako3d.com\\\/\",\"logo\":{\"@type\":\"ImageObject\",\"inLanguage\":\"tr\",\"@id\":\"https:\\\/\\\/mako3d.com\\\/#\\\/schema\\\/logo\\\/image\\\/\",\"url\":\"https:\\\/\\\/mako3d.com\\\/wp-content\\\/uploads\\\/2025\\\/03\\\/4x4-mako-3d-logo.jpg\",\"contentUrl\":\"https:\\\/\\\/mako3d.com\\\/wp-content\\\/uploads\\\/2025\\\/03\\\/4x4-mako-3d-logo.jpg\",\"width\":1016,\"height\":1016,\"caption\":\"Mako 3D\"},\"image\":{\"@id\":\"https:\\\/\\\/mako3d.com\\\/#\\\/schema\\\/logo\\\/image\\\/\"},\"sameAs\":[\"https:\\\/\\\/instagram.com\\\/mako3d_\"]}]}<\/script>\n<!-- \/ Yoast SEO plugin. -->","yoast_head_json":{"title":"Toothless & Light Fury Dragon Keychains - Mako 3D","robots":{"index":"index","follow":"follow","max-snippet":"max-snippet:-1","max-image-preview":"max-image-preview:large","max-video-preview":"max-video-preview:-1"},"canonical":"https:\/\/mako3d.com\/tr\/urun\/toothless-light-fury-dragon-keychains\/","og_locale":"tr_TR","og_type":"article","og_title":"Toothless & Light Fury Dragon Keychains - Mako 3D","og_description":"Carry a bit of dragon magic with you! Our 3D-Printed Toothless and Light Fury Keychains are the perfect cute companion for your keys, bags, or gifts. A must-have for any How to Train Your Dragon fan!","og_url":"https:\/\/mako3d.com\/tr\/urun\/toothless-light-fury-dragon-keychains\/","og_site_name":"Mako 3D","article_modified_time":"2025-07-16T18:47:37+00:00","og_image":[{"width":1536,"height":2048,"url":"https:\/\/mako3d.com\/wp-content\/uploads\/2025\/07\/IMG20250711142009.png","type":"image\/png"}],"twitter_card":"summary_large_image","twitter_misc":{"Tahmini okuma s\u00fcresi":"2 dakika"},"schema":{"@context":"https:\/\/schema.org","@graph":[{"@type":"WebPage","@id":"https:\/\/mako3d.com\/product\/toothless-light-fury-dragon-keychains\/","url":"https:\/\/mako3d.com\/product\/toothless-light-fury-dragon-keychains\/","name":"Toothless & Light Fury Dragon Keychains - Mako 3D","isPartOf":{"@id":"https:\/\/mako3d.com\/#website"},"primaryImageOfPage":{"@id":"https:\/\/mako3d.com\/product\/toothless-light-fury-dragon-keychains\/#primaryimage"},"image":{"@id":"https:\/\/mako3d.com\/product\/toothless-light-fury-dragon-keychains\/#primaryimage"},"thumbnailUrl":"https:\/\/mako3d.com\/wp-content\/uploads\/2025\/07\/IMG20250711142009.png","datePublished":"2025-07-16T18:42:40+00:00","dateModified":"2025-07-16T18:47:37+00:00","breadcrumb":{"@id":"https:\/\/mako3d.com\/product\/toothless-light-fury-dragon-keychains\/#breadcrumb"},"inLanguage":"tr","potentialAction":[{"@type":"ReadAction","target":["https:\/\/mako3d.com\/product\/toothless-light-fury-dragon-keychains\/"]}]},{"@type":"ImageObject","inLanguage":"tr","@id":"https:\/\/mako3d.com\/product\/toothless-light-fury-dragon-keychains\/#primaryimage","url":"https:\/\/mako3d.com\/wp-content\/uploads\/2025\/07\/IMG20250711142009.png","contentUrl":"https:\/\/mako3d.com\/wp-content\/uploads\/2025\/07\/IMG20250711142009.png","width":1536,"height":2048},{"@type":"BreadcrumbList","@id":"https:\/\/mako3d.com\/product\/toothless-light-fury-dragon-keychains\/#breadcrumb","itemListElement":[{"@type":"ListItem","position":1,"name":"Home","item":"https:\/\/mako3d.com\/"},{"@type":"ListItem","position":2,"name":"Products","item":"https:\/\/mako3d.com\/products\/"},{"@type":"ListItem","position":3,"name":"Toothless &#038; Light Fury Dragon Keychains"}]},{"@type":"WebSite","@id":"https:\/\/mako3d.com\/#website","url":"https:\/\/mako3d.com\/","name":"Mako3D","description":"Fikirlerinizi hayata ge\u00e7irin","publisher":{"@id":"https:\/\/mako3d.com\/#organization"},"potentialAction":[{"@type":"SearchAction","target":{"@type":"EntryPoint","urlTemplate":"https:\/\/mako3d.com\/?s={search_term_string}"},"query-input":{"@type":"PropertyValueSpecification","valueRequired":true,"valueName":"search_term_string"}}],"inLanguage":"tr"},{"@type":"Organization","@id":"https:\/\/mako3d.com\/#organization","name":"Mako3D","url":"https:\/\/mako3d.com\/","logo":{"@type":"ImageObject","inLanguage":"tr","@id":"https:\/\/mako3d.com\/#\/schema\/logo\/image\/","url":"https:\/\/mako3d.com\/wp-content\/uploads\/2025\/03\/4x4-mako-3d-logo.jpg","contentUrl":"https:\/\/mako3d.com\/wp-content\/uploads\/2025\/03\/4x4-mako-3d-logo.jpg","width":1016,"height":1016,"caption":"Mako 3D"},"image":{"@id":"https:\/\/mako3d.com\/#\/schema\/logo\/image\/"},"sameAs":["https:\/\/instagram.com\/mako3d_"]}]}},"_links":{"self":[{"href":"https:\/\/mako3d.com\/tr\/wp-json\/wp\/v2\/product\/2787","targetHints":{"allow":["GET"]}}],"collection":[{"href":"https:\/\/mako3d.com\/tr\/wp-json\/wp\/v2\/product"}],"about":[{"href":"https:\/\/mako3d.com\/tr\/wp-json\/wp\/v2\/types\/product"}],"wp:featuredmedia":[{"embeddable":true,"href":"https:\/\/mako3d.com\/tr\/wp-json\/wp\/v2\/media\/2790"}],"wp:attachment":[{"href":"https:\/\/mako3d.com\/tr\/wp-json\/wp\/v2\/media?parent=2787"}],"wp:term":[{"taxonomy":"product_brand","embeddable":true,"href":"https:\/\/mako3d.com\/tr\/wp-json\/wp\/v2\/product_brand?post=2787"},{"taxonomy":"product_cat","embeddable":true,"href":"https:\/\/mako3d.com\/tr\/wp-json\/wp\/v2\/product_cat?post=2787"},{"taxonomy":"product_tag","embeddable":true,"href":"https:\/\/mako3d.com\/tr\/wp-json\/wp\/v2\/product_tag?post=2787"}],"curies":[{"name":"wp","href":"https:\/\/api.w.org\/{rel}","templated":true}]}}