{"id":2762,"date":"2025-07-15T16:15:01","date_gmt":"2025-07-15T16:15:01","guid":{"rendered":"https:\/\/mako3d.com\/?post_type=product&#038;p=2762"},"modified":"2025-07-31T14:36:08","modified_gmt":"2025-07-31T14:36:08","slug":"round-tealight-candle-holder","status":"publish","type":"product","link":"https:\/\/mako3d.com\/tr\/urun\/round-tealight-candle-holder\/","title":{"rendered":"Yuvarlak Tealight Mumluk"},"content":{"rendered":"<p data-start=\"243\" data-end=\"269\"><strong data-start=\"243\" data-end=\"267\">\u00dcr\u00fcn A\u00e7\u0131klamas\u0131:<\/strong><\/p>\n<p data-start=\"271\" data-end=\"286\"><strong data-start=\"271\" data-end=\"284\">\u00d6zellikler:<\/strong><\/p>\n<ul data-start=\"288\" data-end=\"816\">\n<li data-start=\"288\" data-end=\"391\">\n<p data-start=\"290\" data-end=\"391\"><strong data-start=\"290\" data-end=\"303\">Malzeme:<\/strong> G\u00fcnl\u00fck kullan\u0131m i\u00e7in hafif, dayan\u0131kl\u0131 ve g\u00fcvenli olan \u00e7evre dostu PLA&#039;dan \u00fcretilmi\u015ftir.<\/p>\n<\/li>\n<li data-start=\"392\" data-end=\"541\">\n<p data-start=\"394\" data-end=\"541\"><strong data-start=\"394\" data-end=\"405\">Tasar\u0131m:<\/strong> Her odaya harika uyum sa\u011flayan \u015f\u0131k, nerv\u00fcrl\u00fc bir desen. Tutucu, birlikte verilen elektrikli tealight mumla m\u00fckemmel uyum sa\u011flayacak \u015fekilde tasarlanm\u0131\u015ft\u0131r.<\/p>\n<\/li>\n<li data-start=\"542\" data-end=\"692\">\n<p data-start=\"544\" data-end=\"692\"><strong data-start=\"544\" data-end=\"557\">Ayd\u0131nlatma:<\/strong> Ger\u00e7ek bir mum gibi s\u0131cak ve rahatlat\u0131c\u0131 bir \u0131\u015f\u0131k yaratan k\u00fc\u00e7\u00fck alevsiz LED tealight ile birlikte gelir; ancak da\u011f\u0131n\u0131kl\u0131k veya yang\u0131n riski olmadan!<\/p>\n<\/li>\n<li data-start=\"693\" data-end=\"816\">\n<p data-start=\"695\" data-end=\"816\"><strong data-start=\"695\" data-end=\"713\">Renk Se\u00e7enekleri:<\/strong> Evinizin tarz\u0131na uyum sa\u011flayacak yumu\u015fak gri, s\u0131cak bej ve koyu kahverengi gibi g\u00fczel renklerde mevcuttur.<\/p>\n<\/li>\n<\/ul>\n<p data-start=\"818\" data-end=\"836\"><strong data-start=\"818\" data-end=\"834\">\u015eunlar i\u00e7in m\u00fckemmeldir:<\/strong><\/p>\n<ul data-start=\"838\" data-end=\"1144\">\n<li data-start=\"838\" data-end=\"934\">\n<p data-start=\"840\" data-end=\"934\"><strong data-start=\"840\" data-end=\"855\">Ev Dekorasyonu:<\/strong> Oturma odan\u0131za, yatak odan\u0131za veya okuma k\u00f6\u015fenize yumu\u015fak, rahatlat\u0131c\u0131 bir \u0131\u015f\u0131k katar.<\/p>\n<\/li>\n<li data-start=\"935\" data-end=\"1040\">\n<p data-start=\"937\" data-end=\"1040\"><strong data-start=\"937\" data-end=\"957\">\u00d6zel Anlar:<\/strong> Ak\u015fam yemekleri, romantik geceler, partiler veya uzun bir g\u00fcn\u00fcn ard\u0131ndan rahatlamak i\u00e7in idealdir.<\/p>\n<\/li>\n<li data-start=\"1041\" data-end=\"1144\">\n<p data-start=\"1043\" data-end=\"1144\"><strong data-start=\"1043\" data-end=\"1053\">Hediyeler:<\/strong> Arkada\u015flar\u0131n\u0131z, aileniz veya rahat ev aksesuarlar\u0131n\u0131 seven herkes i\u00e7in ho\u015f ve benzersiz bir hediye.<\/p>\n<\/li>\n<\/ul>\n<p data-start=\"1146\" data-end=\"1166\"><strong data-start=\"1146\" data-end=\"1164\">\u00d6zelle\u015ftirme:<\/strong><\/p>\n<ul data-start=\"1168\" data-end=\"1329\">\n<li data-start=\"1168\" data-end=\"1251\">\n<p data-start=\"1170\" data-end=\"1251\"><strong data-start=\"1170\" data-end=\"1188\">Renk Se\u00e7enekleri:<\/strong> En sevdi\u011finiz rengi se\u00e7in veya \u015f\u0131k bir set i\u00e7in kar\u0131\u015ft\u0131r\u0131p e\u015fle\u015ftirin.<\/p>\n<\/li>\n<li data-start=\"1252\" data-end=\"1329\">\n<p data-start=\"1254\" data-end=\"1329\"><strong data-start=\"1254\" data-end=\"1274\">Kolay De\u011fi\u015ftirilebilir:<\/strong> LED tealight mumu ihtiya\u00e7 duydu\u011funuzda kolayca de\u011fi\u015ftirebilirsiniz.<\/p>\n<\/li>\n<\/ul>\n<p data-start=\"1331\" data-end=\"1490\">Bu \u015f\u0131k PLA mumluk ve LED tealight kombinasyonuyla mekan\u0131n\u0131z\u0131 g\u00fcvenli ve g\u00fczel bir \u015fekilde ayd\u0131nlat\u0131n. Endi\u015felenmeden s\u0131cakl\u0131k katman\u0131n m\u00fckemmel yolu!<\/p>","protected":false},"excerpt":{"rendered":"<p data-start=\"104\" data-end=\"342\">3D Bask\u0131l\u0131 PLA Mumluk ve LED Tealight Setimizle her yerde rahat ve s\u0131cak bir atmosfer yarat\u0131n. Ev dekorasyonu, rahatlat\u0131c\u0131 geceler veya herhangi bir odaya yumu\u015fak bir \u0131\u015f\u0131lt\u0131 katmak i\u00e7in m\u00fckemmel; g\u00fcvenli, \u015f\u0131k ve alevsiz!<\/p>","protected":false},"featured_media":2764,"template":"","meta":[],"product_brand":[],"product_cat":[30],"product_tag":[],"class_list":{"0":"post-2762","1":"product","2":"type-product","3":"status-publish","4":"has-post-thumbnail","6":"product_cat-decorations","8":"first","9":"instock","10":"shipping-taxable","11":"purchasable","12":"product-type-variable","13":"has-default-attributes"},"yoast_head":"<!-- This site is optimized with the Yoast SEO plugin v27.4 - https:\/\/yoast.com\/product\/yoast-seo-wordpress\/ -->\n<title>Round Tealight Candle Holder - Mako 3D<\/title>\n<meta name=\"robots\" content=\"index, follow, max-snippet:-1, max-image-preview:large, max-video-preview:-1\" \/>\n<link rel=\"canonical\" href=\"https:\/\/mako3d.com\/tr\/urun\/round-tealight-candle-holder\/\" \/>\n<meta property=\"og:locale\" content=\"tr_TR\" \/>\n<meta property=\"og:type\" content=\"article\" \/>\n<meta property=\"og:title\" content=\"Round Tealight Candle Holder - Mako 3D\" \/>\n<meta property=\"og:description\" content=\"Create a cozy, warm atmosphere anywhere with our 3D-Printed PLA Candle Holder and LED Tealight Set. Perfect for home decor, relaxing nights, or adding a soft glow to any room\u2014safe, stylish, and flame-free!\" \/>\n<meta property=\"og:url\" content=\"https:\/\/mako3d.com\/tr\/urun\/round-tealight-candle-holder\/\" \/>\n<meta property=\"og:site_name\" content=\"Mako 3D\" \/>\n<meta property=\"article:modified_time\" content=\"2025-07-31T14:36:08+00:00\" \/>\n<meta property=\"og:image\" content=\"https:\/\/mako3d.com\/wp-content\/uploads\/2025\/07\/IMG20250711140546-768x1024.png\" \/>\n\t<meta property=\"og:image:width\" content=\"768\" \/>\n\t<meta property=\"og:image:height\" content=\"1024\" \/>\n\t<meta property=\"og:image:type\" content=\"image\/png\" \/>\n<meta name=\"twitter:card\" content=\"summary_large_image\" \/>\n<meta name=\"twitter:label1\" content=\"Tahmini okuma s\u00fcresi\" \/>\n\t<meta name=\"twitter:data1\" content=\"2 dakika\" \/>\n<script type=\"application\/ld+json\" class=\"yoast-schema-graph\">{\"@context\":\"https:\\\/\\\/schema.org\",\"@graph\":[{\"@type\":\"WebPage\",\"@id\":\"https:\\\/\\\/mako3d.com\\\/product\\\/round-tealight-candle-holder\\\/\",\"url\":\"https:\\\/\\\/mako3d.com\\\/product\\\/round-tealight-candle-holder\\\/\",\"name\":\"Round Tealight Candle Holder - Mako 3D\",\"isPartOf\":{\"@id\":\"https:\\\/\\\/mako3d.com\\\/#website\"},\"primaryImageOfPage\":{\"@id\":\"https:\\\/\\\/mako3d.com\\\/product\\\/round-tealight-candle-holder\\\/#primaryimage\"},\"image\":{\"@id\":\"https:\\\/\\\/mako3d.com\\\/product\\\/round-tealight-candle-holder\\\/#primaryimage\"},\"thumbnailUrl\":\"https:\\\/\\\/mako3d.com\\\/wp-content\\\/uploads\\\/2025\\\/07\\\/IMG20250711140546.png\",\"datePublished\":\"2025-07-15T16:15:01+00:00\",\"dateModified\":\"2025-07-31T14:36:08+00:00\",\"breadcrumb\":{\"@id\":\"https:\\\/\\\/mako3d.com\\\/product\\\/round-tealight-candle-holder\\\/#breadcrumb\"},\"inLanguage\":\"tr\",\"potentialAction\":[{\"@type\":\"ReadAction\",\"target\":[\"https:\\\/\\\/mako3d.com\\\/product\\\/round-tealight-candle-holder\\\/\"]}]},{\"@type\":\"ImageObject\",\"inLanguage\":\"tr\",\"@id\":\"https:\\\/\\\/mako3d.com\\\/product\\\/round-tealight-candle-holder\\\/#primaryimage\",\"url\":\"https:\\\/\\\/mako3d.com\\\/wp-content\\\/uploads\\\/2025\\\/07\\\/IMG20250711140546.png\",\"contentUrl\":\"https:\\\/\\\/mako3d.com\\\/wp-content\\\/uploads\\\/2025\\\/07\\\/IMG20250711140546.png\",\"width\":1536,\"height\":2048},{\"@type\":\"BreadcrumbList\",\"@id\":\"https:\\\/\\\/mako3d.com\\\/product\\\/round-tealight-candle-holder\\\/#breadcrumb\",\"itemListElement\":[{\"@type\":\"ListItem\",\"position\":1,\"name\":\"Home\",\"item\":\"https:\\\/\\\/mako3d.com\\\/\"},{\"@type\":\"ListItem\",\"position\":2,\"name\":\"Products\",\"item\":\"https:\\\/\\\/mako3d.com\\\/products\\\/\"},{\"@type\":\"ListItem\",\"position\":3,\"name\":\"Round Tealight Candle Holder\"}]},{\"@type\":\"WebSite\",\"@id\":\"https:\\\/\\\/mako3d.com\\\/#website\",\"url\":\"https:\\\/\\\/mako3d.com\\\/\",\"name\":\"Mako 3D\",\"description\":\"Bring your ideas to life\",\"publisher\":{\"@id\":\"https:\\\/\\\/mako3d.com\\\/#organization\"},\"potentialAction\":[{\"@type\":\"SearchAction\",\"target\":{\"@type\":\"EntryPoint\",\"urlTemplate\":\"https:\\\/\\\/mako3d.com\\\/?s={search_term_string}\"},\"query-input\":{\"@type\":\"PropertyValueSpecification\",\"valueRequired\":true,\"valueName\":\"search_term_string\"}}],\"inLanguage\":\"tr\"},{\"@type\":\"Organization\",\"@id\":\"https:\\\/\\\/mako3d.com\\\/#organization\",\"name\":\"Mako 3D\",\"url\":\"https:\\\/\\\/mako3d.com\\\/\",\"logo\":{\"@type\":\"ImageObject\",\"inLanguage\":\"tr\",\"@id\":\"https:\\\/\\\/mako3d.com\\\/#\\\/schema\\\/logo\\\/image\\\/\",\"url\":\"https:\\\/\\\/mako3d.com\\\/wp-content\\\/uploads\\\/2025\\\/03\\\/4x4-mako-3d-logo.jpg\",\"contentUrl\":\"https:\\\/\\\/mako3d.com\\\/wp-content\\\/uploads\\\/2025\\\/03\\\/4x4-mako-3d-logo.jpg\",\"width\":1016,\"height\":1016,\"caption\":\"Mako 3D\"},\"image\":{\"@id\":\"https:\\\/\\\/mako3d.com\\\/#\\\/schema\\\/logo\\\/image\\\/\"},\"sameAs\":[\"https:\\\/\\\/instagram.com\\\/mako3d_\"]}]}<\/script>\n<!-- \/ Yoast SEO plugin. -->","yoast_head_json":{"title":"Round Tealight Candle Holder - Mako 3D","robots":{"index":"index","follow":"follow","max-snippet":"max-snippet:-1","max-image-preview":"max-image-preview:large","max-video-preview":"max-video-preview:-1"},"canonical":"https:\/\/mako3d.com\/tr\/urun\/round-tealight-candle-holder\/","og_locale":"tr_TR","og_type":"article","og_title":"Round Tealight Candle Holder - Mako 3D","og_description":"Create a cozy, warm atmosphere anywhere with our 3D-Printed PLA Candle Holder and LED Tealight Set. Perfect for home decor, relaxing nights, or adding a soft glow to any room\u2014safe, stylish, and flame-free!","og_url":"https:\/\/mako3d.com\/tr\/urun\/round-tealight-candle-holder\/","og_site_name":"Mako 3D","article_modified_time":"2025-07-31T14:36:08+00:00","og_image":[{"width":768,"height":1024,"url":"https:\/\/mako3d.com\/wp-content\/uploads\/2025\/07\/IMG20250711140546-768x1024.png","type":"image\/png"}],"twitter_card":"summary_large_image","twitter_misc":{"Tahmini okuma s\u00fcresi":"2 dakika"},"schema":{"@context":"https:\/\/schema.org","@graph":[{"@type":"WebPage","@id":"https:\/\/mako3d.com\/product\/round-tealight-candle-holder\/","url":"https:\/\/mako3d.com\/product\/round-tealight-candle-holder\/","name":"Round Tealight Candle Holder - Mako 3D","isPartOf":{"@id":"https:\/\/mako3d.com\/#website"},"primaryImageOfPage":{"@id":"https:\/\/mako3d.com\/product\/round-tealight-candle-holder\/#primaryimage"},"image":{"@id":"https:\/\/mako3d.com\/product\/round-tealight-candle-holder\/#primaryimage"},"thumbnailUrl":"https:\/\/mako3d.com\/wp-content\/uploads\/2025\/07\/IMG20250711140546.png","datePublished":"2025-07-15T16:15:01+00:00","dateModified":"2025-07-31T14:36:08+00:00","breadcrumb":{"@id":"https:\/\/mako3d.com\/product\/round-tealight-candle-holder\/#breadcrumb"},"inLanguage":"tr","potentialAction":[{"@type":"ReadAction","target":["https:\/\/mako3d.com\/product\/round-tealight-candle-holder\/"]}]},{"@type":"ImageObject","inLanguage":"tr","@id":"https:\/\/mako3d.com\/product\/round-tealight-candle-holder\/#primaryimage","url":"https:\/\/mako3d.com\/wp-content\/uploads\/2025\/07\/IMG20250711140546.png","contentUrl":"https:\/\/mako3d.com\/wp-content\/uploads\/2025\/07\/IMG20250711140546.png","width":1536,"height":2048},{"@type":"BreadcrumbList","@id":"https:\/\/mako3d.com\/product\/round-tealight-candle-holder\/#breadcrumb","itemListElement":[{"@type":"ListItem","position":1,"name":"Home","item":"https:\/\/mako3d.com\/"},{"@type":"ListItem","position":2,"name":"Products","item":"https:\/\/mako3d.com\/products\/"},{"@type":"ListItem","position":3,"name":"Round Tealight Candle Holder"}]},{"@type":"WebSite","@id":"https:\/\/mako3d.com\/#website","url":"https:\/\/mako3d.com\/","name":"Mako3D","description":"Fikirlerinizi hayata ge\u00e7irin","publisher":{"@id":"https:\/\/mako3d.com\/#organization"},"potentialAction":[{"@type":"SearchAction","target":{"@type":"EntryPoint","urlTemplate":"https:\/\/mako3d.com\/?s={search_term_string}"},"query-input":{"@type":"PropertyValueSpecification","valueRequired":true,"valueName":"search_term_string"}}],"inLanguage":"tr"},{"@type":"Organization","@id":"https:\/\/mako3d.com\/#organization","name":"Mako3D","url":"https:\/\/mako3d.com\/","logo":{"@type":"ImageObject","inLanguage":"tr","@id":"https:\/\/mako3d.com\/#\/schema\/logo\/image\/","url":"https:\/\/mako3d.com\/wp-content\/uploads\/2025\/03\/4x4-mako-3d-logo.jpg","contentUrl":"https:\/\/mako3d.com\/wp-content\/uploads\/2025\/03\/4x4-mako-3d-logo.jpg","width":1016,"height":1016,"caption":"Mako 3D"},"image":{"@id":"https:\/\/mako3d.com\/#\/schema\/logo\/image\/"},"sameAs":["https:\/\/instagram.com\/mako3d_"]}]}},"_links":{"self":[{"href":"https:\/\/mako3d.com\/tr\/wp-json\/wp\/v2\/product\/2762","targetHints":{"allow":["GET"]}}],"collection":[{"href":"https:\/\/mako3d.com\/tr\/wp-json\/wp\/v2\/product"}],"about":[{"href":"https:\/\/mako3d.com\/tr\/wp-json\/wp\/v2\/types\/product"}],"wp:featuredmedia":[{"embeddable":true,"href":"https:\/\/mako3d.com\/tr\/wp-json\/wp\/v2\/media\/2764"}],"wp:attachment":[{"href":"https:\/\/mako3d.com\/tr\/wp-json\/wp\/v2\/media?parent=2762"}],"wp:term":[{"taxonomy":"product_brand","embeddable":true,"href":"https:\/\/mako3d.com\/tr\/wp-json\/wp\/v2\/product_brand?post=2762"},{"taxonomy":"product_cat","embeddable":true,"href":"https:\/\/mako3d.com\/tr\/wp-json\/wp\/v2\/product_cat?post=2762"},{"taxonomy":"product_tag","embeddable":true,"href":"https:\/\/mako3d.com\/tr\/wp-json\/wp\/v2\/product_tag?post=2762"}],"curies":[{"name":"wp","href":"https:\/\/api.w.org\/{rel}","templated":true}]}}