{"id":2433,"date":"2025-03-02T02:06:26","date_gmt":"2025-03-02T02:06:26","guid":{"rendered":"https:\/\/mako3d.com\/?post_type=product&#038;p=2433"},"modified":"2025-08-04T01:16:44","modified_gmt":"2025-08-04T01:16:44","slug":"al-aqsa-mosque","status":"publish","type":"product","link":"https:\/\/mako3d.com\/tr\/urun\/al-aqsa-mosque\/","title":{"rendered":"Mescid-i Aksa"},"content":{"rendered":"<p data-start=\"75\" data-end=\"88\"><strong data-start=\"75\" data-end=\"88\">\u00d6zellikler:<\/strong><\/p>\n<ul data-start=\"90\" data-end=\"788\">\n<li data-start=\"90\" data-end=\"214\"><strong data-start=\"92\" data-end=\"105\">Malzeme:<\/strong> Hem dayan\u0131kl\u0131l\u0131k hem de ince detay i\u015fleme \u00f6zelli\u011fi sunan \u00e7evre dostu PLA (Polilaktik Asit) malzemeden \u00fcretilmi\u015ftir.<\/li>\n<li data-start=\"215\" data-end=\"382\"><strong data-start=\"217\" data-end=\"232\">Boyutlar:<\/strong> Bu maket, Mescid-i Aksa&#039;n\u0131n manevi ve mimari \u00f6z\u00fcn\u00fc tam olarak yans\u0131tacak \u015fekilde \u00f6l\u00e7eklendirilmi\u015ftir.<\/li>\n<li data-start=\"383\" data-end=\"490\"><strong data-start=\"385\" data-end=\"395\">Renk:<\/strong> Caminin dingin ve kutsal atmosferini yans\u0131tan geleneksel bej ve alt\u0131n paleti.<\/li>\n<li data-start=\"491\" data-end=\"628\"><strong data-start=\"493\" data-end=\"507\">Detaylar:<\/strong> Karma\u015f\u0131k \u0130slami motifleri ve belirgin \u00e7oklu kemerleri ve kubbeleri yeniden \u00fcreten ola\u011fan\u00fcst\u00fc \u00e7\u00f6z\u00fcn\u00fcrl\u00fckl\u00fc bask\u0131.<\/li>\n<li data-start=\"629\" data-end=\"788\"><strong data-start=\"631\" data-end=\"640\">Temel:<\/strong> \u00dczerinde zarif bir \u015fekilde yaz\u0131lm\u0131\u015f &#039;Mescid-i Aksa&#039; yaz\u0131s\u0131 bulunan sa\u011flam bir kaide \u00fczerine oturtulmu\u015f olup, e\u011fitim ama\u00e7l\u0131 sunumlar i\u00e7in veya se\u00e7kin bir dekoratif \u00fcr\u00fcn olarak kullan\u0131ma uygundur.<\/li>\n<\/ul>\n<p data-start=\"790\" data-end=\"806\"><strong data-start=\"790\" data-end=\"806\">\u015eunlar i\u00e7in m\u00fckemmeldir:<\/strong><\/p>\n<ul data-start=\"808\" data-end=\"1071\">\n<li data-start=\"808\" data-end=\"896\">Din tarihi ve mimarl\u0131k \u00f6\u011frencileri ve merakl\u0131lar\u0131na y\u00f6nelik e\u011fitim modelleri.<\/li>\n<li data-start=\"897\" data-end=\"986\">Kud\u00fcs ve kutsal mekanlar\u0131na \u00f6zel bir ba\u011f\u0131 olanlar i\u00e7in e\u015fsiz hediyeler.<\/li>\n<li data-start=\"987\" data-end=\"1071\">Herhangi bir odaya veya ofise sayg\u0131 ve tarih dokunu\u015fu katan dekoratif par\u00e7alar.<\/li>\n<\/ul>\n<p data-start=\"1073\" data-end=\"1091\"><strong data-start=\"1073\" data-end=\"1091\">\u00d6zelle\u015ftirme:<\/strong><\/p>\n<ul data-start=\"1093\" data-end=\"1220\" data-is-last-node=\"\" data-is-only-node=\"\">\n<li data-start=\"1093\" data-end=\"1220\" data-is-last-node=\"\">Ki\u015fisel tarz\u0131n\u0131za uyacak veya belirli dekor ihtiya\u00e7lar\u0131n\u0131za uyacak \u015fekilde boyutu ve renkleri \u00f6zelle\u015ftirin. \u00d6zel se\u00e7enekleri g\u00f6r\u00fc\u015fmek i\u00e7in bizimle ileti\u015fime ge\u00e7in.<\/li>\n<\/ul>","protected":false},"excerpt":{"rendered":"<p>El-Aksa Camii&#039;nin zarif 3D bask\u0131l\u0131 replikas\u0131. S\u00fcrd\u00fcr\u00fclebilir PLA&#039;dan \u00fcretilen bu model, \u0130slam motifleri ve kemerler ve kubbeler gibi mimari unsurlarla ayr\u0131nt\u0131l\u0131 bir \u015fekilde detayland\u0131r\u0131lm\u0131\u015f geleneksel bej ve alt\u0131n renk \u015femas\u0131na sahiptir. E\u011fitim ama\u00e7l\u0131 veya evlerde ve ofislerde sayg\u0131 duyulan bir dekor par\u00e7as\u0131 olarak m\u00fckemmeldir. Tercihlerinize veya i\u00e7 tasar\u0131m\u0131n\u0131za m\u00fckemmel \u015fekilde uyum sa\u011flamak i\u00e7in boyutu ve rengi \u00f6zelle\u015ftirin.<\/p>","protected":false},"featured_media":2437,"template":"","meta":[],"product_brand":[],"product_cat":[29],"product_tag":[],"class_list":{"0":"post-2433","1":"product","2":"type-product","3":"status-publish","4":"has-post-thumbnail","6":"product_cat-structures","8":"first","9":"instock","10":"shipping-taxable","11":"purchasable","12":"product-type-variable"},"yoast_head":"<!-- This site is optimized with the Yoast SEO plugin v27.4 - https:\/\/yoast.com\/product\/yoast-seo-wordpress\/ -->\n<title>Al-Aqsa Mosque - Mako 3D<\/title>\n<meta name=\"robots\" content=\"index, follow, max-snippet:-1, max-image-preview:large, max-video-preview:-1\" \/>\n<link rel=\"canonical\" href=\"https:\/\/mako3d.com\/tr\/urun\/al-aqsa-mosque\/\" \/>\n<meta property=\"og:locale\" content=\"tr_TR\" \/>\n<meta property=\"og:type\" content=\"article\" \/>\n<meta property=\"og:title\" content=\"Al-Aqsa Mosque - Mako 3D\" \/>\n<meta property=\"og:description\" content=\"Exquisite 3D printed replica of the Al-Aqsa Mosque. Crafted from sustainable PLA, this model features a traditional beige and gold color scheme, intricately detailed with Islamic motifs and architectural elements like arches and domes. it&#039;s perfect for educational purposes or as a revered decor piece in homes and offices. Customize size and color to perfectly align with your preferences or interior design.\" \/>\n<meta property=\"og:url\" content=\"https:\/\/mako3d.com\/tr\/urun\/al-aqsa-mosque\/\" \/>\n<meta property=\"og:site_name\" content=\"Mako 3D\" \/>\n<meta property=\"article:modified_time\" content=\"2025-08-04T01:16:44+00:00\" \/>\n<meta property=\"og:image\" content=\"https:\/\/mako3d.com\/wp-content\/uploads\/2025\/03\/1.webp\" \/>\n\t<meta property=\"og:image:width\" content=\"516\" \/>\n\t<meta property=\"og:image:height\" content=\"516\" \/>\n\t<meta property=\"og:image:type\" content=\"image\/webp\" \/>\n<meta name=\"twitter:card\" content=\"summary_large_image\" \/>\n<meta name=\"twitter:label1\" content=\"Tahmini okuma s\u00fcresi\" \/>\n\t<meta name=\"twitter:data1\" content=\"1 dakika\" \/>\n<script type=\"application\/ld+json\" class=\"yoast-schema-graph\">{\"@context\":\"https:\\\/\\\/schema.org\",\"@graph\":[{\"@type\":\"WebPage\",\"@id\":\"https:\\\/\\\/mako3d.com\\\/product\\\/al-aqsa-mosque\\\/\",\"url\":\"https:\\\/\\\/mako3d.com\\\/product\\\/al-aqsa-mosque\\\/\",\"name\":\"Al-Aqsa Mosque - Mako 3D\",\"isPartOf\":{\"@id\":\"https:\\\/\\\/mako3d.com\\\/#website\"},\"primaryImageOfPage\":{\"@id\":\"https:\\\/\\\/mako3d.com\\\/product\\\/al-aqsa-mosque\\\/#primaryimage\"},\"image\":{\"@id\":\"https:\\\/\\\/mako3d.com\\\/product\\\/al-aqsa-mosque\\\/#primaryimage\"},\"thumbnailUrl\":\"https:\\\/\\\/mako3d.com\\\/wp-content\\\/uploads\\\/2025\\\/03\\\/1.webp\",\"datePublished\":\"2025-03-02T02:06:26+00:00\",\"dateModified\":\"2025-08-04T01:16:44+00:00\",\"breadcrumb\":{\"@id\":\"https:\\\/\\\/mako3d.com\\\/product\\\/al-aqsa-mosque\\\/#breadcrumb\"},\"inLanguage\":\"tr\",\"potentialAction\":[{\"@type\":\"ReadAction\",\"target\":[\"https:\\\/\\\/mako3d.com\\\/product\\\/al-aqsa-mosque\\\/\"]}]},{\"@type\":\"ImageObject\",\"inLanguage\":\"tr\",\"@id\":\"https:\\\/\\\/mako3d.com\\\/product\\\/al-aqsa-mosque\\\/#primaryimage\",\"url\":\"https:\\\/\\\/mako3d.com\\\/wp-content\\\/uploads\\\/2025\\\/03\\\/1.webp\",\"contentUrl\":\"https:\\\/\\\/mako3d.com\\\/wp-content\\\/uploads\\\/2025\\\/03\\\/1.webp\",\"width\":516,\"height\":516},{\"@type\":\"BreadcrumbList\",\"@id\":\"https:\\\/\\\/mako3d.com\\\/product\\\/al-aqsa-mosque\\\/#breadcrumb\",\"itemListElement\":[{\"@type\":\"ListItem\",\"position\":1,\"name\":\"Home\",\"item\":\"https:\\\/\\\/mako3d.com\\\/\"},{\"@type\":\"ListItem\",\"position\":2,\"name\":\"Products\",\"item\":\"https:\\\/\\\/mako3d.com\\\/products\\\/\"},{\"@type\":\"ListItem\",\"position\":3,\"name\":\"Al-Aqsa Mosque\"}]},{\"@type\":\"WebSite\",\"@id\":\"https:\\\/\\\/mako3d.com\\\/#website\",\"url\":\"https:\\\/\\\/mako3d.com\\\/\",\"name\":\"Mako 3D\",\"description\":\"Bring your ideas to life\",\"publisher\":{\"@id\":\"https:\\\/\\\/mako3d.com\\\/#organization\"},\"potentialAction\":[{\"@type\":\"SearchAction\",\"target\":{\"@type\":\"EntryPoint\",\"urlTemplate\":\"https:\\\/\\\/mako3d.com\\\/?s={search_term_string}\"},\"query-input\":{\"@type\":\"PropertyValueSpecification\",\"valueRequired\":true,\"valueName\":\"search_term_string\"}}],\"inLanguage\":\"tr\"},{\"@type\":\"Organization\",\"@id\":\"https:\\\/\\\/mako3d.com\\\/#organization\",\"name\":\"Mako 3D\",\"url\":\"https:\\\/\\\/mako3d.com\\\/\",\"logo\":{\"@type\":\"ImageObject\",\"inLanguage\":\"tr\",\"@id\":\"https:\\\/\\\/mako3d.com\\\/#\\\/schema\\\/logo\\\/image\\\/\",\"url\":\"https:\\\/\\\/mako3d.com\\\/wp-content\\\/uploads\\\/2025\\\/03\\\/4x4-mako-3d-logo.jpg\",\"contentUrl\":\"https:\\\/\\\/mako3d.com\\\/wp-content\\\/uploads\\\/2025\\\/03\\\/4x4-mako-3d-logo.jpg\",\"width\":1016,\"height\":1016,\"caption\":\"Mako 3D\"},\"image\":{\"@id\":\"https:\\\/\\\/mako3d.com\\\/#\\\/schema\\\/logo\\\/image\\\/\"},\"sameAs\":[\"https:\\\/\\\/instagram.com\\\/mako3d_\"]}]}<\/script>\n<!-- \/ Yoast SEO plugin. -->","yoast_head_json":{"title":"Al-Aqsa Mosque - Mako 3D","robots":{"index":"index","follow":"follow","max-snippet":"max-snippet:-1","max-image-preview":"max-image-preview:large","max-video-preview":"max-video-preview:-1"},"canonical":"https:\/\/mako3d.com\/tr\/urun\/al-aqsa-mosque\/","og_locale":"tr_TR","og_type":"article","og_title":"Al-Aqsa Mosque - Mako 3D","og_description":"Exquisite 3D printed replica of the Al-Aqsa Mosque. Crafted from sustainable PLA, this model features a traditional beige and gold color scheme, intricately detailed with Islamic motifs and architectural elements like arches and domes. it's perfect for educational purposes or as a revered decor piece in homes and offices. Customize size and color to perfectly align with your preferences or interior design.","og_url":"https:\/\/mako3d.com\/tr\/urun\/al-aqsa-mosque\/","og_site_name":"Mako 3D","article_modified_time":"2025-08-04T01:16:44+00:00","og_image":[{"width":516,"height":516,"url":"https:\/\/mako3d.com\/wp-content\/uploads\/2025\/03\/1.webp","type":"image\/webp"}],"twitter_card":"summary_large_image","twitter_misc":{"Tahmini okuma s\u00fcresi":"1 dakika"},"schema":{"@context":"https:\/\/schema.org","@graph":[{"@type":"WebPage","@id":"https:\/\/mako3d.com\/product\/al-aqsa-mosque\/","url":"https:\/\/mako3d.com\/product\/al-aqsa-mosque\/","name":"Al-Aqsa Mosque - Mako 3D","isPartOf":{"@id":"https:\/\/mako3d.com\/#website"},"primaryImageOfPage":{"@id":"https:\/\/mako3d.com\/product\/al-aqsa-mosque\/#primaryimage"},"image":{"@id":"https:\/\/mako3d.com\/product\/al-aqsa-mosque\/#primaryimage"},"thumbnailUrl":"https:\/\/mako3d.com\/wp-content\/uploads\/2025\/03\/1.webp","datePublished":"2025-03-02T02:06:26+00:00","dateModified":"2025-08-04T01:16:44+00:00","breadcrumb":{"@id":"https:\/\/mako3d.com\/product\/al-aqsa-mosque\/#breadcrumb"},"inLanguage":"tr","potentialAction":[{"@type":"ReadAction","target":["https:\/\/mako3d.com\/product\/al-aqsa-mosque\/"]}]},{"@type":"ImageObject","inLanguage":"tr","@id":"https:\/\/mako3d.com\/product\/al-aqsa-mosque\/#primaryimage","url":"https:\/\/mako3d.com\/wp-content\/uploads\/2025\/03\/1.webp","contentUrl":"https:\/\/mako3d.com\/wp-content\/uploads\/2025\/03\/1.webp","width":516,"height":516},{"@type":"BreadcrumbList","@id":"https:\/\/mako3d.com\/product\/al-aqsa-mosque\/#breadcrumb","itemListElement":[{"@type":"ListItem","position":1,"name":"Home","item":"https:\/\/mako3d.com\/"},{"@type":"ListItem","position":2,"name":"Products","item":"https:\/\/mako3d.com\/products\/"},{"@type":"ListItem","position":3,"name":"Al-Aqsa Mosque"}]},{"@type":"WebSite","@id":"https:\/\/mako3d.com\/#website","url":"https:\/\/mako3d.com\/","name":"Mako3D","description":"Fikirlerinizi hayata ge\u00e7irin","publisher":{"@id":"https:\/\/mako3d.com\/#organization"},"potentialAction":[{"@type":"SearchAction","target":{"@type":"EntryPoint","urlTemplate":"https:\/\/mako3d.com\/?s={search_term_string}"},"query-input":{"@type":"PropertyValueSpecification","valueRequired":true,"valueName":"search_term_string"}}],"inLanguage":"tr"},{"@type":"Organization","@id":"https:\/\/mako3d.com\/#organization","name":"Mako3D","url":"https:\/\/mako3d.com\/","logo":{"@type":"ImageObject","inLanguage":"tr","@id":"https:\/\/mako3d.com\/#\/schema\/logo\/image\/","url":"https:\/\/mako3d.com\/wp-content\/uploads\/2025\/03\/4x4-mako-3d-logo.jpg","contentUrl":"https:\/\/mako3d.com\/wp-content\/uploads\/2025\/03\/4x4-mako-3d-logo.jpg","width":1016,"height":1016,"caption":"Mako 3D"},"image":{"@id":"https:\/\/mako3d.com\/#\/schema\/logo\/image\/"},"sameAs":["https:\/\/instagram.com\/mako3d_"]}]}},"_links":{"self":[{"href":"https:\/\/mako3d.com\/tr\/wp-json\/wp\/v2\/product\/2433","targetHints":{"allow":["GET"]}}],"collection":[{"href":"https:\/\/mako3d.com\/tr\/wp-json\/wp\/v2\/product"}],"about":[{"href":"https:\/\/mako3d.com\/tr\/wp-json\/wp\/v2\/types\/product"}],"wp:featuredmedia":[{"embeddable":true,"href":"https:\/\/mako3d.com\/tr\/wp-json\/wp\/v2\/media\/2437"}],"wp:attachment":[{"href":"https:\/\/mako3d.com\/tr\/wp-json\/wp\/v2\/media?parent=2433"}],"wp:term":[{"taxonomy":"product_brand","embeddable":true,"href":"https:\/\/mako3d.com\/tr\/wp-json\/wp\/v2\/product_brand?post=2433"},{"taxonomy":"product_cat","embeddable":true,"href":"https:\/\/mako3d.com\/tr\/wp-json\/wp\/v2\/product_cat?post=2433"},{"taxonomy":"product_tag","embeddable":true,"href":"https:\/\/mako3d.com\/tr\/wp-json\/wp\/v2\/product_tag?post=2433"}],"curies":[{"name":"wp","href":"https:\/\/api.w.org\/{rel}","templated":true}]}}